{"id":277,"date":"2021-01-25T10:10:03","date_gmt":"2021-01-25T10:10:03","guid":{"rendered":"https:\/\/iwash4you.com\/y-wash-4-you\/"},"modified":"2025-08-28T12:49:31","modified_gmt":"2025-08-28T12:49:31","slug":"y-wash-4-you","status":"publish","type":"page","link":"https:\/\/iwash4you.com\/es\/","title":{"rendered":"Y wash 4 you"},"content":{"rendered":"","protected":false},"excerpt":{"rendered":"","protected":false},"author":1,"featured_media":0,"parent":0,"menu_order":0,"comment_status":"open","ping_status":"closed","template":"","meta":{"footnotes":""},"class_list":["post-277","page","type-page","status-publish","hentry"],"yoast_head":"<!-- This site is optimized with the Yoast SEO plugin v26.9 - https:\/\/yoast.com\/product\/yoast-seo-wordpress\/ -->\n<title>Lavander\u00eda Autoservicio en Vilanova y la Geltr\u00fa - I wash 4 you<\/title>\n<meta name=\"description\" content=\"Descubre I Wash 4 You, t\u00fa lavander\u00eda autoservicio en Vilanova y la Geltr\u00fa. Servicios de lavado y secado de alta calidad con tecnolog\u00eda avanzada. \u00a1Ropa impecable en menos de 35 minutos!\" \/>\n<meta name=\"robots\" content=\"index, follow, max-snippet:-1, max-image-preview:large, max-video-preview:-1\" \/>\n<link rel=\"canonical\" href=\"https:\/\/iwash4you.com\/es\/\" \/>\n<meta property=\"og:locale\" content=\"es_ES\" \/>\n<meta property=\"og:type\" content=\"article\" \/>\n<meta property=\"og:title\" content=\"Lavander\u00eda Autoservicio en Vilanova y la Geltr\u00fa - I wash 4 you\" \/>\n<meta property=\"og:description\" content=\"Descubre I Wash 4 You, t\u00fa lavander\u00eda autoservicio en Vilanova y la Geltr\u00fa. Servicios de lavado y secado de alta calidad con tecnolog\u00eda avanzada. \u00a1Ropa impecable en menos de 35 minutos!\" \/>\n<meta property=\"og:url\" content=\"https:\/\/iwash4you.com\/es\/\" \/>\n<meta property=\"og:site_name\" content=\"I wash 4 you\" \/>\n<meta property=\"article:modified_time\" content=\"2025-08-28T12:49:31+00:00\" \/>\n<meta name=\"twitter:card\" content=\"summary_large_image\" \/>\n<script type=\"application\/ld+json\" class=\"yoast-schema-graph\">{\"@context\":\"https:\/\/schema.org\",\"@graph\":[{\"@type\":\"WebPage\",\"@id\":\"https:\/\/iwash4you.com\/es\/\",\"url\":\"https:\/\/iwash4you.com\/es\/\",\"name\":\"Lavander\u00eda Autoservicio en Vilanova y la Geltr\u00fa - I wash 4 you\",\"isPartOf\":{\"@id\":\"https:\/\/iwash4you.com\/es\/#website\"},\"datePublished\":\"2021-01-25T10:10:03+00:00\",\"dateModified\":\"2025-08-28T12:49:31+00:00\",\"description\":\"Descubre I Wash 4 You, t\u00fa lavander\u00eda autoservicio en Vilanova y la Geltr\u00fa. Servicios de lavado y secado de alta calidad con tecnolog\u00eda avanzada. \u00a1Ropa impecable en menos de 35 minutos!\",\"breadcrumb\":{\"@id\":\"https:\/\/iwash4you.com\/es\/#breadcrumb\"},\"inLanguage\":\"es\",\"potentialAction\":[{\"@type\":\"ReadAction\",\"target\":[\"https:\/\/iwash4you.com\/es\/\"]}]},{\"@type\":\"BreadcrumbList\",\"@id\":\"https:\/\/iwash4you.com\/es\/#breadcrumb\",\"itemListElement\":[{\"@type\":\"ListItem\",\"position\":1,\"name\":\"Portada\",\"item\":\"https:\/\/iwash4you.com\/es\/y-wash-4-you\/\"},{\"@type\":\"ListItem\",\"position\":2,\"name\":\"Y wash 4 you\"}]},{\"@type\":\"WebSite\",\"@id\":\"https:\/\/iwash4you.com\/es\/#website\",\"url\":\"https:\/\/iwash4you.com\/es\/\",\"name\":\"I wash 4 you\",\"description\":\"I Wash 4 You Vilanova, tu lavander\u00eda de autoservicio r\u00e1pida, eficiente y con el mejor cuidado para tu ropa.\",\"potentialAction\":[{\"@type\":\"SearchAction\",\"target\":{\"@type\":\"EntryPoint\",\"urlTemplate\":\"https:\/\/iwash4you.com\/es\/?s={search_term_string}\"},\"query-input\":{\"@type\":\"PropertyValueSpecification\",\"valueRequired\":true,\"valueName\":\"search_term_string\"}}],\"inLanguage\":\"es\"}]}<\/script>\n<!-- \/ Yoast SEO plugin. -->","yoast_head_json":{"title":"Lavander\u00eda Autoservicio en Vilanova y la Geltr\u00fa - I wash 4 you","description":"Descubre I Wash 4 You, t\u00fa lavander\u00eda autoservicio en Vilanova y la Geltr\u00fa. Servicios de lavado y secado de alta calidad con tecnolog\u00eda avanzada. \u00a1Ropa impecable en menos de 35 minutos!","robots":{"index":"index","follow":"follow","max-snippet":"max-snippet:-1","max-image-preview":"max-image-preview:large","max-video-preview":"max-video-preview:-1"},"canonical":"https:\/\/iwash4you.com\/es\/","og_locale":"es_ES","og_type":"article","og_title":"Lavander\u00eda Autoservicio en Vilanova y la Geltr\u00fa - I wash 4 you","og_description":"Descubre I Wash 4 You, t\u00fa lavander\u00eda autoservicio en Vilanova y la Geltr\u00fa. Servicios de lavado y secado de alta calidad con tecnolog\u00eda avanzada. \u00a1Ropa impecable en menos de 35 minutos!","og_url":"https:\/\/iwash4you.com\/es\/","og_site_name":"I wash 4 you","article_modified_time":"2025-08-28T12:49:31+00:00","twitter_card":"summary_large_image","schema":{"@context":"https:\/\/schema.org","@graph":[{"@type":"WebPage","@id":"https:\/\/iwash4you.com\/es\/","url":"https:\/\/iwash4you.com\/es\/","name":"Lavander\u00eda Autoservicio en Vilanova y la Geltr\u00fa - I wash 4 you","isPartOf":{"@id":"https:\/\/iwash4you.com\/es\/#website"},"datePublished":"2021-01-25T10:10:03+00:00","dateModified":"2025-08-28T12:49:31+00:00","description":"Descubre I Wash 4 You, t\u00fa lavander\u00eda autoservicio en Vilanova y la Geltr\u00fa. Servicios de lavado y secado de alta calidad con tecnolog\u00eda avanzada. \u00a1Ropa impecable en menos de 35 minutos!","breadcrumb":{"@id":"https:\/\/iwash4you.com\/es\/#breadcrumb"},"inLanguage":"es","potentialAction":[{"@type":"ReadAction","target":["https:\/\/iwash4you.com\/es\/"]}]},{"@type":"BreadcrumbList","@id":"https:\/\/iwash4you.com\/es\/#breadcrumb","itemListElement":[{"@type":"ListItem","position":1,"name":"Portada","item":"https:\/\/iwash4you.com\/es\/y-wash-4-you\/"},{"@type":"ListItem","position":2,"name":"Y wash 4 you"}]},{"@type":"WebSite","@id":"https:\/\/iwash4you.com\/es\/#website","url":"https:\/\/iwash4you.com\/es\/","name":"I wash 4 you","description":"I Wash 4 You Vilanova, tu lavander\u00eda de autoservicio r\u00e1pida, eficiente y con el mejor cuidado para tu ropa.","potentialAction":[{"@type":"SearchAction","target":{"@type":"EntryPoint","urlTemplate":"https:\/\/iwash4you.com\/es\/?s={search_term_string}"},"query-input":{"@type":"PropertyValueSpecification","valueRequired":true,"valueName":"search_term_string"}}],"inLanguage":"es"}]}},"_links":{"self":[{"href":"https:\/\/iwash4you.com\/es\/wp-json\/wp\/v2\/pages\/277","targetHints":{"allow":["GET"]}}],"collection":[{"href":"https:\/\/iwash4you.com\/es\/wp-json\/wp\/v2\/pages"}],"about":[{"href":"https:\/\/iwash4you.com\/es\/wp-json\/wp\/v2\/types\/page"}],"author":[{"embeddable":true,"href":"https:\/\/iwash4you.com\/es\/wp-json\/wp\/v2\/users\/1"}],"replies":[{"embeddable":true,"href":"https:\/\/iwash4you.com\/es\/wp-json\/wp\/v2\/comments?post=277"}],"version-history":[{"count":1,"href":"https:\/\/iwash4you.com\/es\/wp-json\/wp\/v2\/pages\/277\/revisions"}],"predecessor-version":[{"id":327,"href":"https:\/\/iwash4you.com\/es\/wp-json\/wp\/v2\/pages\/277\/revisions\/327"}],"wp:attachment":[{"href":"https:\/\/iwash4you.com\/es\/wp-json\/wp\/v2\/media?parent=277"}],"curies":[{"name":"wp","href":"https:\/\/api.w.org\/{rel}","templated":true}]}}