{"id":279,"date":"2025-03-03T14:12:46","date_gmt":"2025-03-03T14:12:46","guid":{"rendered":"https:\/\/iwash4you.com\/aviso-legal\/"},"modified":"2025-03-21T13:21:53","modified_gmt":"2025-03-21T13:21:53","slug":"aviso-legal","status":"publish","type":"page","link":"https:\/\/iwash4you.com\/es\/aviso-legal\/","title":{"rendered":"AVISO LEGAL"},"content":{"rendered":"\n<p>El presente sitio web, <strong>Iwashn for You<\/strong>, es propiedad de <strong>Oriol Toledano<\/strong>, con domicilio en <strong>Vilanova i la Geltr\u00f9<\/strong>, y correo electr\u00f3nico de contacto <strong><a href=\"mailto:iw4y.vng2@gmail.com\">iw4y.vng2@gmail.com<\/a><\/strong>.<\/p>\n\n<h4 class=\"wp-block-heading\"><strong>1. Objeto<\/strong><\/h4>\n\n<p>Este aviso legal regula el acceso y uso del sitio web <strong>Iwashn for You<\/strong>. Al navegar por el usuario, el usuario acepta expresamente estas condiciones.<\/p>\n\n<h4 class=\"wp-block-heading\"><strong>2. Propiedad Intelectual e Industrial<\/strong><\/h4>\n\n<p>Todos los contenidos de la web (textos, imantes, logotipos, dise\u00f1o, etc.) son propiedad de <strong><strong>Oriol Toledano<\/strong><\/strong> o de terceros autorizados y est\u00e1n protegidos por la legislaci\u00f3n vigente. Queda prohibida la reproducci\u00f3n, distribuci\u00f3n o modificaci\u00f3n sin autorizaci\u00f3n expresa.<\/p>\n\n<h4 class=\"wp-block-heading\"><strong>3. Responsabilidad<\/strong><\/h4>\n\n<p>El titular no se hace responsable de:<\/p>\n\n<ul class=\"wp-block-list\">\n<li>El uso indebido del sitio web por parte de los usuarios.<\/li>\n\n\n\n<li>Posibles fallos t\u00e9cnicos o interrupciones en el servicio.<\/li>\n\n\n\n<li>Contenidos de terceros a los que se pueda acceder desde enlaces a este sitio.<\/li>\n<\/ul>\n\n<h4 class=\"wp-block-heading\"><strong>4. Protecci\u00f3n de Datos<\/strong><\/h4>\n\n<p>Los datos personales recopilados a trav\u00e9s del sitio web se tratar\u00e1n conforme a la normativa vigente de protecci\u00f3n de datos. Para m\u00e1s informaci\u00f3n, consulta nuestra <strong><a href=\"https:\/\/iwash4you.com\/politica-de-privacitat\/\">Pol\u00edtica de Privacidad<\/a><\/strong>.<\/p>\n\n<h4 class=\"wp-block-heading\"><strong>5. Legislaci\u00f3n Aplicable<\/strong><\/h4>\n\n<p>Este aviso legal se rige por la legislaci\u00f3n vigente en <strong>Espa\u00f1a<\/strong>, y cualquier disputa se resolver\u00e1 en los tribunales competentes de <strong>Vilanov ai la Geltr\u00f9<\/strong>.<\/p>\n\n<p>Para cualquier consulta, puedes contactar con nosotros en<strong><a href=\"mailto:iw4y.vng2@gmail.com\"> iw4y.vng2@gmail.com<\/a><\/strong>.<\/p>\n\n<p><\/p>\n","protected":false},"excerpt":{"rendered":"<p>El presente sitio web, Iwashn for You, es propiedad de Oriol Toledano, con domicilio en Vilanova i la Geltr\u00f9, y correo electr\u00f3nico de contacto iw4y.vng2@gmail.com. 1.<span class=\"excerpt-hellip\"> [\u2026]<\/span><\/p>\n","protected":false},"author":1,"featured_media":0,"parent":0,"menu_order":0,"comment_status":"closed","ping_status":"closed","template":"","meta":{"footnotes":""},"class_list":["post-279","page","type-page","status-publish","hentry"],"yoast_head":"<!-- This site is optimized with the Yoast SEO plugin v26.9 - https:\/\/yoast.com\/product\/yoast-seo-wordpress\/ -->\n<title>AVISO LEGAL - I wash 4 you<\/title>\n<meta name=\"robots\" content=\"index, follow, max-snippet:-1, max-image-preview:large, max-video-preview:-1\" \/>\n<link rel=\"canonical\" href=\"https:\/\/iwash4you.com\/es\/aviso-legal\/\" \/>\n<meta property=\"og:locale\" content=\"es_ES\" \/>\n<meta property=\"og:type\" content=\"article\" \/>\n<meta property=\"og:title\" content=\"AVISO LEGAL - I wash 4 you\" \/>\n<meta property=\"og:description\" content=\"El presente sitio web, Iwashn for You, es propiedad de Oriol Toledano, con domicilio en Vilanova i la Geltr\u00f9, y correo electr\u00f3nico de contacto iw4y.vng2@gmail.com. 1. [\u2026]\" \/>\n<meta property=\"og:url\" content=\"https:\/\/iwash4you.com\/es\/aviso-legal\/\" \/>\n<meta property=\"og:site_name\" content=\"I wash 4 you\" \/>\n<meta property=\"article:modified_time\" content=\"2025-03-21T13:21:53+00:00\" \/>\n<meta name=\"twitter:card\" content=\"summary_large_image\" \/>\n<meta name=\"twitter:label1\" content=\"Tiempo de lectura\" \/>\n\t<meta name=\"twitter:data1\" content=\"1 minuto\" \/>\n<script type=\"application\/ld+json\" class=\"yoast-schema-graph\">{\"@context\":\"https:\/\/schema.org\",\"@graph\":[{\"@type\":\"WebPage\",\"@id\":\"https:\/\/iwash4you.com\/es\/aviso-legal\/\",\"url\":\"https:\/\/iwash4you.com\/es\/aviso-legal\/\",\"name\":\"AVISO LEGAL - I wash 4 you\",\"isPartOf\":{\"@id\":\"https:\/\/iwash4you.com\/es\/#website\"},\"datePublished\":\"2025-03-03T14:12:46+00:00\",\"dateModified\":\"2025-03-21T13:21:53+00:00\",\"breadcrumb\":{\"@id\":\"https:\/\/iwash4you.com\/es\/aviso-legal\/#breadcrumb\"},\"inLanguage\":\"es\",\"potentialAction\":[{\"@type\":\"ReadAction\",\"target\":[\"https:\/\/iwash4you.com\/es\/aviso-legal\/\"]}]},{\"@type\":\"BreadcrumbList\",\"@id\":\"https:\/\/iwash4you.com\/es\/aviso-legal\/#breadcrumb\",\"itemListElement\":[{\"@type\":\"ListItem\",\"position\":1,\"name\":\"Portada\",\"item\":\"https:\/\/iwash4you.com\/es\/y-wash-4-you\/\"},{\"@type\":\"ListItem\",\"position\":2,\"name\":\"AVISO LEGAL\"}]},{\"@type\":\"WebSite\",\"@id\":\"https:\/\/iwash4you.com\/es\/#website\",\"url\":\"https:\/\/iwash4you.com\/es\/\",\"name\":\"I wash 4 you\",\"description\":\"I Wash 4 You Vilanova, tu lavander\u00eda de autoservicio r\u00e1pida, eficiente y con el mejor cuidado para tu ropa.\",\"potentialAction\":[{\"@type\":\"SearchAction\",\"target\":{\"@type\":\"EntryPoint\",\"urlTemplate\":\"https:\/\/iwash4you.com\/es\/?s={search_term_string}\"},\"query-input\":{\"@type\":\"PropertyValueSpecification\",\"valueRequired\":true,\"valueName\":\"search_term_string\"}}],\"inLanguage\":\"es\"}]}<\/script>\n<!-- \/ Yoast SEO plugin. -->","yoast_head_json":{"title":"AVISO LEGAL - I wash 4 you","robots":{"index":"index","follow":"follow","max-snippet":"max-snippet:-1","max-image-preview":"max-image-preview:large","max-video-preview":"max-video-preview:-1"},"canonical":"https:\/\/iwash4you.com\/es\/aviso-legal\/","og_locale":"es_ES","og_type":"article","og_title":"AVISO LEGAL - I wash 4 you","og_description":"El presente sitio web, Iwashn for You, es propiedad de Oriol Toledano, con domicilio en Vilanova i la Geltr\u00f9, y correo electr\u00f3nico de contacto iw4y.vng2@gmail.com. 1. [\u2026]","og_url":"https:\/\/iwash4you.com\/es\/aviso-legal\/","og_site_name":"I wash 4 you","article_modified_time":"2025-03-21T13:21:53+00:00","twitter_card":"summary_large_image","twitter_misc":{"Tiempo de lectura":"1 minuto"},"schema":{"@context":"https:\/\/schema.org","@graph":[{"@type":"WebPage","@id":"https:\/\/iwash4you.com\/es\/aviso-legal\/","url":"https:\/\/iwash4you.com\/es\/aviso-legal\/","name":"AVISO LEGAL - I wash 4 you","isPartOf":{"@id":"https:\/\/iwash4you.com\/es\/#website"},"datePublished":"2025-03-03T14:12:46+00:00","dateModified":"2025-03-21T13:21:53+00:00","breadcrumb":{"@id":"https:\/\/iwash4you.com\/es\/aviso-legal\/#breadcrumb"},"inLanguage":"es","potentialAction":[{"@type":"ReadAction","target":["https:\/\/iwash4you.com\/es\/aviso-legal\/"]}]},{"@type":"BreadcrumbList","@id":"https:\/\/iwash4you.com\/es\/aviso-legal\/#breadcrumb","itemListElement":[{"@type":"ListItem","position":1,"name":"Portada","item":"https:\/\/iwash4you.com\/es\/y-wash-4-you\/"},{"@type":"ListItem","position":2,"name":"AVISO LEGAL"}]},{"@type":"WebSite","@id":"https:\/\/iwash4you.com\/es\/#website","url":"https:\/\/iwash4you.com\/es\/","name":"I wash 4 you","description":"I Wash 4 You Vilanova, tu lavander\u00eda de autoservicio r\u00e1pida, eficiente y con el mejor cuidado para tu ropa.","potentialAction":[{"@type":"SearchAction","target":{"@type":"EntryPoint","urlTemplate":"https:\/\/iwash4you.com\/es\/?s={search_term_string}"},"query-input":{"@type":"PropertyValueSpecification","valueRequired":true,"valueName":"search_term_string"}}],"inLanguage":"es"}]}},"_links":{"self":[{"href":"https:\/\/iwash4you.com\/es\/wp-json\/wp\/v2\/pages\/279","targetHints":{"allow":["GET"]}}],"collection":[{"href":"https:\/\/iwash4you.com\/es\/wp-json\/wp\/v2\/pages"}],"about":[{"href":"https:\/\/iwash4you.com\/es\/wp-json\/wp\/v2\/types\/page"}],"author":[{"embeddable":true,"href":"https:\/\/iwash4you.com\/es\/wp-json\/wp\/v2\/users\/1"}],"replies":[{"embeddable":true,"href":"https:\/\/iwash4you.com\/es\/wp-json\/wp\/v2\/comments?post=279"}],"version-history":[{"count":3,"href":"https:\/\/iwash4you.com\/es\/wp-json\/wp\/v2\/pages\/279\/revisions"}],"predecessor-version":[{"id":329,"href":"https:\/\/iwash4you.com\/es\/wp-json\/wp\/v2\/pages\/279\/revisions\/329"}],"wp:attachment":[{"href":"https:\/\/iwash4you.com\/es\/wp-json\/wp\/v2\/media?parent=279"}],"curies":[{"name":"wp","href":"https:\/\/api.w.org\/{rel}","templated":true}]}}