{"id":334,"date":"2025-03-03T14:14:42","date_gmt":"2025-03-03T14:14:42","guid":{"rendered":"https:\/\/iwash4you.com\/politica-de-cookies\/"},"modified":"2025-03-21T13:27:53","modified_gmt":"2025-03-21T13:27:53","slug":"politica-de-cookies","status":"publish","type":"page","link":"https:\/\/iwash4you.com\/es\/politica-de-cookies\/","title":{"rendered":"POL\u00cdTICA DE COOKIES"},"content":{"rendered":"\n<h3 class=\"wp-block-heading\"><strong>Pol\u00edtica de Cookies<\/strong><\/h3>\n\n<p>En <strong>I Wash 4 You<\/strong>, utilizamos cookies para mejorar la experiencia de navegaci\u00f3n de los usuarios. Al acceder y continuar navegando por nuestro sitio web, aceptas el uso de cookies de acuerdo a esta pol\u00edtica.<\/p>\n\n<h4 class=\"wp-block-heading\"><strong>1. \u00bfQu\u00e9 son las cookies?<\/strong><\/h4>\n\n<p>Las cookies son peque\u00f1os archivos de texto que se guardan en tu dispositivo al visitar una p\u00e1gina web. Ayudan a mejorar el funcionamiento del sitio ya ofrecer una experiencia personalizada.<\/p>\n\n<h4 class=\"wp-block-heading\"><strong>2. Tipo de cookies que utilizamos<\/strong><\/h4>\n\n<ul class=\"wp-block-list\">\n<li><strong>Cookies esenciales:<\/strong> Necesarias para el correcto funcionamiento de la web.<\/li>\n\n\n\n<li><strong>Cookies de an\u00e1lisis: <\/strong>Permiten conocer el uso que hacen los usuarios de la web y mejorar su rendimiento.<\/li>\n\n\n\n<li><strong>Cookies de terceros:<\/strong> Pueden ser utilizadas por servicios externos, como herramientas de an\u00e1lisis o redes sociales.<\/li>\n<\/ul>\n\n<h4 class=\"wp-block-heading\"><strong>3. \u00bfC\u00f3mo gestionar las cookies?<\/strong><\/h4>\n\n<p>Puedes configurar su navegador para bloquear o eliminar las cookies en cualquier momento. Ten en cuenta que esto podr\u00eda afectar al correcto funcionamiento del sitio web.<\/p>\n\n<p>Para m\u00e1s informaci\u00f3n o cualquier consulta, puedes contactarnos a <strong><a>iw4y.vng2@gmail.com<\/a><\/strong> .<\/p>\n","protected":false},"excerpt":{"rendered":"<p>Pol\u00edtica de Cookies En I Wash 4 You, utilizamos cookies para mejorar la experiencia de navegaci\u00f3n de los usuarios. Al acceder y continuar navegando por nuestro<span class=\"excerpt-hellip\"> [\u2026]<\/span><\/p>\n","protected":false},"author":1,"featured_media":0,"parent":0,"menu_order":0,"comment_status":"closed","ping_status":"closed","template":"","meta":{"footnotes":""},"class_list":["post-334","page","type-page","status-publish","hentry"],"yoast_head":"<!-- This site is optimized with the Yoast SEO plugin v26.9 - https:\/\/yoast.com\/product\/yoast-seo-wordpress\/ -->\n<title>POL\u00cdTICA DE COOKIES - I wash 4 you<\/title>\n<meta name=\"robots\" content=\"index, follow, max-snippet:-1, max-image-preview:large, max-video-preview:-1\" \/>\n<link rel=\"canonical\" href=\"https:\/\/iwash4you.com\/es\/politica-de-cookies\/\" \/>\n<meta property=\"og:locale\" content=\"es_ES\" \/>\n<meta property=\"og:type\" content=\"article\" \/>\n<meta property=\"og:title\" content=\"POL\u00cdTICA DE COOKIES - I wash 4 you\" \/>\n<meta property=\"og:description\" content=\"Pol\u00edtica de Cookies En I Wash 4 You, utilizamos cookies para mejorar la experiencia de navegaci\u00f3n de los usuarios. Al acceder y continuar navegando por nuestro [\u2026]\" \/>\n<meta property=\"og:url\" content=\"https:\/\/iwash4you.com\/es\/politica-de-cookies\/\" \/>\n<meta property=\"og:site_name\" content=\"I wash 4 you\" \/>\n<meta property=\"article:modified_time\" content=\"2025-03-21T13:27:53+00:00\" \/>\n<meta name=\"twitter:card\" content=\"summary_large_image\" \/>\n<meta name=\"twitter:label1\" content=\"Tiempo de lectura\" \/>\n\t<meta name=\"twitter:data1\" content=\"1 minuto\" \/>\n<script type=\"application\/ld+json\" class=\"yoast-schema-graph\">{\"@context\":\"https:\/\/schema.org\",\"@graph\":[{\"@type\":\"WebPage\",\"@id\":\"https:\/\/iwash4you.com\/es\/politica-de-cookies\/\",\"url\":\"https:\/\/iwash4you.com\/es\/politica-de-cookies\/\",\"name\":\"POL\u00cdTICA DE COOKIES - I wash 4 you\",\"isPartOf\":{\"@id\":\"https:\/\/iwash4you.com\/es\/#website\"},\"datePublished\":\"2025-03-03T14:14:42+00:00\",\"dateModified\":\"2025-03-21T13:27:53+00:00\",\"breadcrumb\":{\"@id\":\"https:\/\/iwash4you.com\/es\/politica-de-cookies\/#breadcrumb\"},\"inLanguage\":\"es\",\"potentialAction\":[{\"@type\":\"ReadAction\",\"target\":[\"https:\/\/iwash4you.com\/es\/politica-de-cookies\/\"]}]},{\"@type\":\"BreadcrumbList\",\"@id\":\"https:\/\/iwash4you.com\/es\/politica-de-cookies\/#breadcrumb\",\"itemListElement\":[{\"@type\":\"ListItem\",\"position\":1,\"name\":\"Portada\",\"item\":\"https:\/\/iwash4you.com\/es\/y-wash-4-you\/\"},{\"@type\":\"ListItem\",\"position\":2,\"name\":\"POL\u00cdTICA DE COOKIES\"}]},{\"@type\":\"WebSite\",\"@id\":\"https:\/\/iwash4you.com\/es\/#website\",\"url\":\"https:\/\/iwash4you.com\/es\/\",\"name\":\"I wash 4 you\",\"description\":\"I Wash 4 You Vilanova, tu lavander\u00eda de autoservicio r\u00e1pida, eficiente y con el mejor cuidado para tu ropa.\",\"potentialAction\":[{\"@type\":\"SearchAction\",\"target\":{\"@type\":\"EntryPoint\",\"urlTemplate\":\"https:\/\/iwash4you.com\/es\/?s={search_term_string}\"},\"query-input\":{\"@type\":\"PropertyValueSpecification\",\"valueRequired\":true,\"valueName\":\"search_term_string\"}}],\"inLanguage\":\"es\"}]}<\/script>\n<!-- \/ Yoast SEO plugin. -->","yoast_head_json":{"title":"POL\u00cdTICA DE COOKIES - I wash 4 you","robots":{"index":"index","follow":"follow","max-snippet":"max-snippet:-1","max-image-preview":"max-image-preview:large","max-video-preview":"max-video-preview:-1"},"canonical":"https:\/\/iwash4you.com\/es\/politica-de-cookies\/","og_locale":"es_ES","og_type":"article","og_title":"POL\u00cdTICA DE COOKIES - I wash 4 you","og_description":"Pol\u00edtica de Cookies En I Wash 4 You, utilizamos cookies para mejorar la experiencia de navegaci\u00f3n de los usuarios. Al acceder y continuar navegando por nuestro [\u2026]","og_url":"https:\/\/iwash4you.com\/es\/politica-de-cookies\/","og_site_name":"I wash 4 you","article_modified_time":"2025-03-21T13:27:53+00:00","twitter_card":"summary_large_image","twitter_misc":{"Tiempo de lectura":"1 minuto"},"schema":{"@context":"https:\/\/schema.org","@graph":[{"@type":"WebPage","@id":"https:\/\/iwash4you.com\/es\/politica-de-cookies\/","url":"https:\/\/iwash4you.com\/es\/politica-de-cookies\/","name":"POL\u00cdTICA DE COOKIES - I wash 4 you","isPartOf":{"@id":"https:\/\/iwash4you.com\/es\/#website"},"datePublished":"2025-03-03T14:14:42+00:00","dateModified":"2025-03-21T13:27:53+00:00","breadcrumb":{"@id":"https:\/\/iwash4you.com\/es\/politica-de-cookies\/#breadcrumb"},"inLanguage":"es","potentialAction":[{"@type":"ReadAction","target":["https:\/\/iwash4you.com\/es\/politica-de-cookies\/"]}]},{"@type":"BreadcrumbList","@id":"https:\/\/iwash4you.com\/es\/politica-de-cookies\/#breadcrumb","itemListElement":[{"@type":"ListItem","position":1,"name":"Portada","item":"https:\/\/iwash4you.com\/es\/y-wash-4-you\/"},{"@type":"ListItem","position":2,"name":"POL\u00cdTICA DE COOKIES"}]},{"@type":"WebSite","@id":"https:\/\/iwash4you.com\/es\/#website","url":"https:\/\/iwash4you.com\/es\/","name":"I wash 4 you","description":"I Wash 4 You Vilanova, tu lavander\u00eda de autoservicio r\u00e1pida, eficiente y con el mejor cuidado para tu ropa.","potentialAction":[{"@type":"SearchAction","target":{"@type":"EntryPoint","urlTemplate":"https:\/\/iwash4you.com\/es\/?s={search_term_string}"},"query-input":{"@type":"PropertyValueSpecification","valueRequired":true,"valueName":"search_term_string"}}],"inLanguage":"es"}]}},"_links":{"self":[{"href":"https:\/\/iwash4you.com\/es\/wp-json\/wp\/v2\/pages\/334","targetHints":{"allow":["GET"]}}],"collection":[{"href":"https:\/\/iwash4you.com\/es\/wp-json\/wp\/v2\/pages"}],"about":[{"href":"https:\/\/iwash4you.com\/es\/wp-json\/wp\/v2\/types\/page"}],"author":[{"embeddable":true,"href":"https:\/\/iwash4you.com\/es\/wp-json\/wp\/v2\/users\/1"}],"replies":[{"embeddable":true,"href":"https:\/\/iwash4you.com\/es\/wp-json\/wp\/v2\/comments?post=334"}],"version-history":[{"count":1,"href":"https:\/\/iwash4you.com\/es\/wp-json\/wp\/v2\/pages\/334\/revisions"}],"predecessor-version":[{"id":335,"href":"https:\/\/iwash4you.com\/es\/wp-json\/wp\/v2\/pages\/334\/revisions\/335"}],"wp:attachment":[{"href":"https:\/\/iwash4you.com\/es\/wp-json\/wp\/v2\/media?parent=334"}],"curies":[{"name":"wp","href":"https:\/\/api.w.org\/{rel}","templated":true}]}}