{"id":340,"date":"2025-03-03T14:14:28","date_gmt":"2025-03-03T14:14:28","guid":{"rendered":"https:\/\/iwash4you.com\/politica-de-privacidad\/"},"modified":"2025-03-21T13:30:37","modified_gmt":"2025-03-21T13:30:37","slug":"politica-de-privacidad","status":"publish","type":"page","link":"https:\/\/iwash4you.com\/es\/politica-de-privacidad\/","title":{"rendered":"POL\u00cdTICA DE PRIVACIDAD"},"content":{"rendered":"\n<h3 class=\"wp-block-heading\"><strong>Pol\u00edtica de Privacidad<\/strong><\/h3>\n\n<p>En cumplimiento de la normativa vigente de protecci\u00f3n de datos, <strong>I Wash 4 You<\/strong>, titularidad de <strong>Oriol Toledano<\/strong>, informa a los usuarios sobre el tratamiento de sus datos personales.<\/p>\n\n<h4 class=\"wp-block-heading\"><strong>1. Responsable del Tratamiento<\/strong><\/h4>\n\n<ul class=\"wp-block-list\">\n<li><strong>Titular:<\/strong> Oriol Toledano<\/li>\n\n\n\n<li><strong>Empresa:<\/strong> I Wash 4 You<\/li>\n\n\n\n<li><strong>Correo electr\u00f3nico de contacto:<\/strong> <a>iw4y.vng2@gmail.com<\/a><\/li>\n<\/ul>\n\n<h4 class=\"wp-block-heading\"><strong>2. Datos Recopilados y Finalidad<\/strong><\/h4>\n\n<p>Los datos personales que podamos recopilar a trav\u00e9s de este sitio web se utilizar\u00e1n \u00fanicamente para:<\/p>\n\n<ul class=\"wp-block-list\">\n<li>Responder a consultas y ofrecer nuestros servicios.<\/li>\n\n\n\n<li>Gestionar comunicaciones comerciales si el usuario ha dado su consentimiento.<\/li>\n\n\n\n<li>Mejorar la experiencia de usuario en la web.<\/li>\n<\/ul>\n\n<p>No compartiremos tus datos con terceros, salvo por obligaci\u00f3n legal.<\/p>\n\n<h4 class=\"wp-block-heading\"><strong>3. Derechos del Usuario<\/strong><\/h4>\n\n<p>Los usuarios pueden ejercer sus derechos de acceso, rectificaci\u00f3n, supresi\u00f3n y oposici\u00f3n enviando un correo a <strong><a>iw4y.vng2@gmail.com<\/a><\/strong> .<\/p>\n\n<h4 class=\"wp-block-heading\"><strong>4. Conservaci\u00f3n de los Datos<\/strong><\/h4>\n\n<p>Los datos se conservar\u00e1n el tiempo necesario para cumplir con los fines establecidos o seg\u00fan la legislaci\u00f3n vigente.<\/p>\n\n<h4 class=\"wp-block-heading\"><strong>5. Legislaci\u00f3n Aplicable<\/strong><\/h4>\n\n<p>Esta pol\u00edtica de privacidad se rige por la legislaci\u00f3n vigente en materia de protecci\u00f3n de datos.<\/p>\n\n<p>Para cualquier duda o solicitud, puedes contactarnos en <strong><a>iw4y.vng2@gmail.com<\/a><\/strong> .<\/p>\n\n<p><\/p>\n","protected":false},"excerpt":{"rendered":"<p>Pol\u00edtica de Privacidad En cumplimiento de la normativa vigente de protecci\u00f3n de datos, I Wash 4 You, titularidad de Oriol Toledano, informa a los usuarios sobre<span class=\"excerpt-hellip\"> [\u2026]<\/span><\/p>\n","protected":false},"author":1,"featured_media":0,"parent":0,"menu_order":0,"comment_status":"closed","ping_status":"closed","template":"","meta":{"footnotes":""},"class_list":["post-340","page","type-page","status-publish","hentry"],"yoast_head":"<!-- This site is optimized with the Yoast SEO plugin v26.9 - https:\/\/yoast.com\/product\/yoast-seo-wordpress\/ -->\n<title>POL\u00cdTICA DE PRIVACIDAD - I wash 4 you<\/title>\n<meta name=\"robots\" content=\"index, follow, max-snippet:-1, max-image-preview:large, max-video-preview:-1\" \/>\n<link rel=\"canonical\" href=\"https:\/\/iwash4you.com\/es\/politica-de-privacidad\/\" \/>\n<meta property=\"og:locale\" content=\"es_ES\" \/>\n<meta property=\"og:type\" content=\"article\" \/>\n<meta property=\"og:title\" content=\"POL\u00cdTICA DE PRIVACIDAD - I wash 4 you\" \/>\n<meta property=\"og:description\" content=\"Pol\u00edtica de Privacidad En cumplimiento de la normativa vigente de protecci\u00f3n de datos, I Wash 4 You, titularidad de Oriol Toledano, informa a los usuarios sobre [\u2026]\" \/>\n<meta property=\"og:url\" content=\"https:\/\/iwash4you.com\/es\/politica-de-privacidad\/\" \/>\n<meta property=\"og:site_name\" content=\"I wash 4 you\" \/>\n<meta property=\"article:modified_time\" content=\"2025-03-21T13:30:37+00:00\" \/>\n<meta name=\"twitter:card\" content=\"summary_large_image\" \/>\n<meta name=\"twitter:label1\" content=\"Tiempo de lectura\" \/>\n\t<meta name=\"twitter:data1\" content=\"1 minuto\" \/>\n<script type=\"application\/ld+json\" class=\"yoast-schema-graph\">{\"@context\":\"https:\/\/schema.org\",\"@graph\":[{\"@type\":\"WebPage\",\"@id\":\"https:\/\/iwash4you.com\/es\/politica-de-privacidad\/\",\"url\":\"https:\/\/iwash4you.com\/es\/politica-de-privacidad\/\",\"name\":\"POL\u00cdTICA DE PRIVACIDAD - I wash 4 you\",\"isPartOf\":{\"@id\":\"https:\/\/iwash4you.com\/es\/#website\"},\"datePublished\":\"2025-03-03T14:14:28+00:00\",\"dateModified\":\"2025-03-21T13:30:37+00:00\",\"breadcrumb\":{\"@id\":\"https:\/\/iwash4you.com\/es\/politica-de-privacidad\/#breadcrumb\"},\"inLanguage\":\"es\",\"potentialAction\":[{\"@type\":\"ReadAction\",\"target\":[\"https:\/\/iwash4you.com\/es\/politica-de-privacidad\/\"]}]},{\"@type\":\"BreadcrumbList\",\"@id\":\"https:\/\/iwash4you.com\/es\/politica-de-privacidad\/#breadcrumb\",\"itemListElement\":[{\"@type\":\"ListItem\",\"position\":1,\"name\":\"Portada\",\"item\":\"https:\/\/iwash4you.com\/es\/y-wash-4-you\/\"},{\"@type\":\"ListItem\",\"position\":2,\"name\":\"POL\u00cdTICA DE PRIVACIDAD\"}]},{\"@type\":\"WebSite\",\"@id\":\"https:\/\/iwash4you.com\/es\/#website\",\"url\":\"https:\/\/iwash4you.com\/es\/\",\"name\":\"I wash 4 you\",\"description\":\"I Wash 4 You Vilanova, tu lavander\u00eda de autoservicio r\u00e1pida, eficiente y con el mejor cuidado para tu ropa.\",\"potentialAction\":[{\"@type\":\"SearchAction\",\"target\":{\"@type\":\"EntryPoint\",\"urlTemplate\":\"https:\/\/iwash4you.com\/es\/?s={search_term_string}\"},\"query-input\":{\"@type\":\"PropertyValueSpecification\",\"valueRequired\":true,\"valueName\":\"search_term_string\"}}],\"inLanguage\":\"es\"}]}<\/script>\n<!-- \/ Yoast SEO plugin. -->","yoast_head_json":{"title":"POL\u00cdTICA DE PRIVACIDAD - I wash 4 you","robots":{"index":"index","follow":"follow","max-snippet":"max-snippet:-1","max-image-preview":"max-image-preview:large","max-video-preview":"max-video-preview:-1"},"canonical":"https:\/\/iwash4you.com\/es\/politica-de-privacidad\/","og_locale":"es_ES","og_type":"article","og_title":"POL\u00cdTICA DE PRIVACIDAD - I wash 4 you","og_description":"Pol\u00edtica de Privacidad En cumplimiento de la normativa vigente de protecci\u00f3n de datos, I Wash 4 You, titularidad de Oriol Toledano, informa a los usuarios sobre [\u2026]","og_url":"https:\/\/iwash4you.com\/es\/politica-de-privacidad\/","og_site_name":"I wash 4 you","article_modified_time":"2025-03-21T13:30:37+00:00","twitter_card":"summary_large_image","twitter_misc":{"Tiempo de lectura":"1 minuto"},"schema":{"@context":"https:\/\/schema.org","@graph":[{"@type":"WebPage","@id":"https:\/\/iwash4you.com\/es\/politica-de-privacidad\/","url":"https:\/\/iwash4you.com\/es\/politica-de-privacidad\/","name":"POL\u00cdTICA DE PRIVACIDAD - I wash 4 you","isPartOf":{"@id":"https:\/\/iwash4you.com\/es\/#website"},"datePublished":"2025-03-03T14:14:28+00:00","dateModified":"2025-03-21T13:30:37+00:00","breadcrumb":{"@id":"https:\/\/iwash4you.com\/es\/politica-de-privacidad\/#breadcrumb"},"inLanguage":"es","potentialAction":[{"@type":"ReadAction","target":["https:\/\/iwash4you.com\/es\/politica-de-privacidad\/"]}]},{"@type":"BreadcrumbList","@id":"https:\/\/iwash4you.com\/es\/politica-de-privacidad\/#breadcrumb","itemListElement":[{"@type":"ListItem","position":1,"name":"Portada","item":"https:\/\/iwash4you.com\/es\/y-wash-4-you\/"},{"@type":"ListItem","position":2,"name":"POL\u00cdTICA DE PRIVACIDAD"}]},{"@type":"WebSite","@id":"https:\/\/iwash4you.com\/es\/#website","url":"https:\/\/iwash4you.com\/es\/","name":"I wash 4 you","description":"I Wash 4 You Vilanova, tu lavander\u00eda de autoservicio r\u00e1pida, eficiente y con el mejor cuidado para tu ropa.","potentialAction":[{"@type":"SearchAction","target":{"@type":"EntryPoint","urlTemplate":"https:\/\/iwash4you.com\/es\/?s={search_term_string}"},"query-input":{"@type":"PropertyValueSpecification","valueRequired":true,"valueName":"search_term_string"}}],"inLanguage":"es"}]}},"_links":{"self":[{"href":"https:\/\/iwash4you.com\/es\/wp-json\/wp\/v2\/pages\/340","targetHints":{"allow":["GET"]}}],"collection":[{"href":"https:\/\/iwash4you.com\/es\/wp-json\/wp\/v2\/pages"}],"about":[{"href":"https:\/\/iwash4you.com\/es\/wp-json\/wp\/v2\/types\/page"}],"author":[{"embeddable":true,"href":"https:\/\/iwash4you.com\/es\/wp-json\/wp\/v2\/users\/1"}],"replies":[{"embeddable":true,"href":"https:\/\/iwash4you.com\/es\/wp-json\/wp\/v2\/comments?post=340"}],"version-history":[{"count":1,"href":"https:\/\/iwash4you.com\/es\/wp-json\/wp\/v2\/pages\/340\/revisions"}],"predecessor-version":[{"id":341,"href":"https:\/\/iwash4you.com\/es\/wp-json\/wp\/v2\/pages\/340\/revisions\/341"}],"wp:attachment":[{"href":"https:\/\/iwash4you.com\/es\/wp-json\/wp\/v2\/media?parent=340"}],"curies":[{"name":"wp","href":"https:\/\/api.w.org\/{rel}","templated":true}]}}