{"id":308,"date":"2025-03-03T14:12:46","date_gmt":"2025-03-03T14:12:46","guid":{"rendered":"https:\/\/iwash4you.com\/mentions-legales\/"},"modified":"2025-03-20T13:42:09","modified_gmt":"2025-03-20T13:42:09","slug":"mentions-legales","status":"publish","type":"page","link":"https:\/\/iwash4you.com\/fr\/mentions-legales\/","title":{"rendered":"MENTIONS L\u00c9GALES"},"content":{"rendered":"\n<p>Ce site Web, <strong>Iwashn for You<\/strong>, appartient \u00e0 <strong>Oriol Toledano<\/strong>, domicili\u00e9 \u00e0 <strong>Vilanova i la Geltr\u00f9<\/strong>, et contact par courrier \u00e9lectronique <strong><a href=\"mailto:iw4y.vng2@gmail.com\">iw4y.vng2@gmail.com<\/a><\/strong>.<\/p>\n\n<h4 class=\"wp-block-heading\"><strong>1. Objet<\/strong><\/h4>\n\n<p>Les pr\u00e9sentes mentions l\u00e9gales r\u00e9gissent l&rsquo;acc\u00e8s et l&rsquo;utilisation du site <strong>Iwashn for You<\/strong>. En naviguant sur-hi, l&rsquo;utilisateur accepte express\u00e9ment ces conditions.<\/p>\n\n<h4 class=\"wp-block-heading\"><strong>2. Propri\u00e9t\u00e9 intellectuelle et industrielle<\/strong><\/h4>\n\n<p>Tous les contenus du site Internet (textes, images, logos, design, etc.) sont la propri\u00e9t\u00e9 d&rsquo;<strong><strong>Oriol Toledano<\/strong><\/strong> ou de tiers et sont prot\u00e9g\u00e9s par la l\u00e9gislation en vigueur. La reproduction, la distribution ou la modification sans autorisation expresse est interdite.<\/p>\n\n<h4 class=\"wp-block-heading\"><strong>3. Responsabilit\u00e9<\/strong><\/h4>\n\n<p>Le propri\u00e9taire n&rsquo;est pas responsable de :<\/p>\n\n<ul class=\"wp-block-list\">\n<li>Les informations pr\u00e9sentes sur le site Web sont inconnues des utilisateurs.<\/li>\n\n\n\n<li>Erreurs techniques possibles ou interruptions du service.<\/li>\n\n\n\n<li>Contenu tiers accessible \u00e0 partir des liens sur ce site.<\/li>\n<\/ul>\n\n<h4 class=\"wp-block-heading\"><strong>4. Protection des donn\u00e9es<\/strong><\/h4>\n\n<p>Les donn\u00e9es personnelles collect\u00e9es via le site Web seront trait\u00e9es conform\u00e9ment \u00e0 la r\u00e9glementation en vigueur sur la protection des donn\u00e9es. Pour plus d\u2019informations, consultez notre <strong><a href=\"https:\/\/iwash4you.com\/politica-de-privacitat\/\">Politique de confidentialit\u00e9<\/a><\/strong>.<\/p>\n\n<h4 class=\"wp-block-heading\"><strong>5. L\u00e9gislation applicable<\/strong><\/h4>\n\n<p>Ces mentions l\u00e9gales sont r\u00e9gies par la l\u00e9gislation en vigueur en <strong>Espagne<\/strong>, et tout litige sera r\u00e9solu devant les tribunaux comp\u00e9tents de <strong>Vilanov ai la Geltr\u00f9<\/strong>.<\/p>\n\n<p>Pour toute question, vous pouvez nous contacter \u00e0 <strong><a href=\"mailto:iw4y.vng2@gmail.com\">iw4y.vng2@gmail.com<\/a><\/strong>.<\/p>\n\n<p><\/p>\n","protected":false},"excerpt":{"rendered":"<p>Ce site Web, Iwashn for You, appartient \u00e0 Oriol Toledano, domicili\u00e9 \u00e0 Vilanova i la Geltr\u00f9, et contact par courrier \u00e9lectronique iw4y.vng2@gmail.com. 1. Objet Les pr\u00e9sentes<span class=\"excerpt-hellip\"> [\u2026]<\/span><\/p>\n","protected":false},"author":1,"featured_media":0,"parent":0,"menu_order":0,"comment_status":"closed","ping_status":"closed","template":"","meta":{"footnotes":""},"class_list":["post-308","page","type-page","status-publish","hentry"],"yoast_head":"<!-- This site is optimized with the Yoast SEO plugin v26.9 - https:\/\/yoast.com\/product\/yoast-seo-wordpress\/ -->\n<title>MENTIONS L\u00c9GALES - I wash 4 you<\/title>\n<meta name=\"robots\" content=\"index, follow, max-snippet:-1, max-image-preview:large, max-video-preview:-1\" \/>\n<link rel=\"canonical\" href=\"https:\/\/iwash4you.com\/fr\/mentions-legales\/\" \/>\n<meta property=\"og:locale\" content=\"fr_FR\" \/>\n<meta property=\"og:type\" content=\"article\" \/>\n<meta property=\"og:title\" content=\"MENTIONS L\u00c9GALES - I wash 4 you\" \/>\n<meta property=\"og:description\" content=\"Ce site Web, Iwashn for You, appartient \u00e0 Oriol Toledano, domicili\u00e9 \u00e0 Vilanova i la Geltr\u00f9, et contact par courrier \u00e9lectronique iw4y.vng2@gmail.com. 1. Objet Les pr\u00e9sentes [\u2026]\" \/>\n<meta property=\"og:url\" content=\"https:\/\/iwash4you.com\/fr\/mentions-legales\/\" \/>\n<meta property=\"og:site_name\" content=\"I wash 4 you\" \/>\n<meta property=\"article:modified_time\" content=\"2025-03-20T13:42:09+00:00\" \/>\n<meta name=\"twitter:card\" content=\"summary_large_image\" \/>\n<meta name=\"twitter:label1\" content=\"Dur\u00e9e de lecture estim\u00e9e\" \/>\n\t<meta name=\"twitter:data1\" content=\"1 minute\" \/>\n<script type=\"application\/ld+json\" class=\"yoast-schema-graph\">{\"@context\":\"https:\/\/schema.org\",\"@graph\":[{\"@type\":\"WebPage\",\"@id\":\"https:\/\/iwash4you.com\/fr\/mentions-legales\/\",\"url\":\"https:\/\/iwash4you.com\/fr\/mentions-legales\/\",\"name\":\"MENTIONS L\u00c9GALES - I wash 4 you\",\"isPartOf\":{\"@id\":\"https:\/\/iwash4you.com\/fr\/#website\"},\"datePublished\":\"2025-03-03T14:12:46+00:00\",\"dateModified\":\"2025-03-20T13:42:09+00:00\",\"breadcrumb\":{\"@id\":\"https:\/\/iwash4you.com\/fr\/mentions-legales\/#breadcrumb\"},\"inLanguage\":\"fr-FR\",\"potentialAction\":[{\"@type\":\"ReadAction\",\"target\":[\"https:\/\/iwash4you.com\/fr\/mentions-legales\/\"]}]},{\"@type\":\"BreadcrumbList\",\"@id\":\"https:\/\/iwash4you.com\/fr\/mentions-legales\/#breadcrumb\",\"itemListElement\":[{\"@type\":\"ListItem\",\"position\":1,\"name\":\"Portada\",\"item\":\"https:\/\/iwash4you.com\/fr\/i-wash-4-you\/\"},{\"@type\":\"ListItem\",\"position\":2,\"name\":\"MENTIONS L\u00c9GALES\"}]},{\"@type\":\"WebSite\",\"@id\":\"https:\/\/iwash4you.com\/fr\/#website\",\"url\":\"https:\/\/iwash4you.com\/fr\/\",\"name\":\"I wash 4 you\",\"description\":\"I Wash 4 You Vilanova, tu lavander\u00eda de autoservicio r\u00e1pida, eficiente y con el mejor cuidado para tu ropa.\",\"potentialAction\":[{\"@type\":\"SearchAction\",\"target\":{\"@type\":\"EntryPoint\",\"urlTemplate\":\"https:\/\/iwash4you.com\/fr\/?s={search_term_string}\"},\"query-input\":{\"@type\":\"PropertyValueSpecification\",\"valueRequired\":true,\"valueName\":\"search_term_string\"}}],\"inLanguage\":\"fr-FR\"}]}<\/script>\n<!-- \/ Yoast SEO plugin. -->","yoast_head_json":{"title":"MENTIONS L\u00c9GALES - I wash 4 you","robots":{"index":"index","follow":"follow","max-snippet":"max-snippet:-1","max-image-preview":"max-image-preview:large","max-video-preview":"max-video-preview:-1"},"canonical":"https:\/\/iwash4you.com\/fr\/mentions-legales\/","og_locale":"fr_FR","og_type":"article","og_title":"MENTIONS L\u00c9GALES - I wash 4 you","og_description":"Ce site Web, Iwashn for You, appartient \u00e0 Oriol Toledano, domicili\u00e9 \u00e0 Vilanova i la Geltr\u00f9, et contact par courrier \u00e9lectronique iw4y.vng2@gmail.com. 1. Objet Les pr\u00e9sentes [\u2026]","og_url":"https:\/\/iwash4you.com\/fr\/mentions-legales\/","og_site_name":"I wash 4 you","article_modified_time":"2025-03-20T13:42:09+00:00","twitter_card":"summary_large_image","twitter_misc":{"Dur\u00e9e de lecture estim\u00e9e":"1 minute"},"schema":{"@context":"https:\/\/schema.org","@graph":[{"@type":"WebPage","@id":"https:\/\/iwash4you.com\/fr\/mentions-legales\/","url":"https:\/\/iwash4you.com\/fr\/mentions-legales\/","name":"MENTIONS L\u00c9GALES - I wash 4 you","isPartOf":{"@id":"https:\/\/iwash4you.com\/fr\/#website"},"datePublished":"2025-03-03T14:12:46+00:00","dateModified":"2025-03-20T13:42:09+00:00","breadcrumb":{"@id":"https:\/\/iwash4you.com\/fr\/mentions-legales\/#breadcrumb"},"inLanguage":"fr-FR","potentialAction":[{"@type":"ReadAction","target":["https:\/\/iwash4you.com\/fr\/mentions-legales\/"]}]},{"@type":"BreadcrumbList","@id":"https:\/\/iwash4you.com\/fr\/mentions-legales\/#breadcrumb","itemListElement":[{"@type":"ListItem","position":1,"name":"Portada","item":"https:\/\/iwash4you.com\/fr\/i-wash-4-you\/"},{"@type":"ListItem","position":2,"name":"MENTIONS L\u00c9GALES"}]},{"@type":"WebSite","@id":"https:\/\/iwash4you.com\/fr\/#website","url":"https:\/\/iwash4you.com\/fr\/","name":"I wash 4 you","description":"I Wash 4 You Vilanova, tu lavander\u00eda de autoservicio r\u00e1pida, eficiente y con el mejor cuidado para tu ropa.","potentialAction":[{"@type":"SearchAction","target":{"@type":"EntryPoint","urlTemplate":"https:\/\/iwash4you.com\/fr\/?s={search_term_string}"},"query-input":{"@type":"PropertyValueSpecification","valueRequired":true,"valueName":"search_term_string"}}],"inLanguage":"fr-FR"}]}},"_links":{"self":[{"href":"https:\/\/iwash4you.com\/fr\/wp-json\/wp\/v2\/pages\/308","targetHints":{"allow":["GET"]}}],"collection":[{"href":"https:\/\/iwash4you.com\/fr\/wp-json\/wp\/v2\/pages"}],"about":[{"href":"https:\/\/iwash4you.com\/fr\/wp-json\/wp\/v2\/types\/page"}],"author":[{"embeddable":true,"href":"https:\/\/iwash4you.com\/fr\/wp-json\/wp\/v2\/users\/1"}],"replies":[{"embeddable":true,"href":"https:\/\/iwash4you.com\/fr\/wp-json\/wp\/v2\/comments?post=308"}],"version-history":[{"count":1,"href":"https:\/\/iwash4you.com\/fr\/wp-json\/wp\/v2\/pages\/308\/revisions"}],"predecessor-version":[{"id":309,"href":"https:\/\/iwash4you.com\/fr\/wp-json\/wp\/v2\/pages\/308\/revisions\/309"}],"wp:attachment":[{"href":"https:\/\/iwash4you.com\/fr\/wp-json\/wp\/v2\/media?parent=308"}],"curies":[{"name":"wp","href":"https:\/\/api.w.org\/{rel}","templated":true}]}}