{"id":332,"date":"2025-03-03T14:14:42","date_gmt":"2025-03-03T14:14:42","guid":{"rendered":"https:\/\/iwash4you.com\/politique-de-cookies\/"},"modified":"2025-03-21T13:23:22","modified_gmt":"2025-03-21T13:23:22","slug":"politique-de-cookies","status":"publish","type":"page","link":"https:\/\/iwash4you.com\/fr\/politique-de-cookies\/","title":{"rendered":"POLITIQUE DE COOKIES"},"content":{"rendered":"\n<h3 class=\"wp-block-heading\"><strong>Politique de cookies<\/strong><\/h3>\n\n<p>Chez <strong>I Wash 4 You<\/strong>, nous utilisons des cookies pour am\u00e9liorer l&rsquo;exp\u00e9rience de navigation des utilisateurs. En acc\u00e9dant et en poursuivant votre navigation sur notre site Internet, vous acceptez l&rsquo;utilisation de cookies conform\u00e9ment \u00e0 cette politique. <\/p>\n\n<h4 class=\"wp-block-heading\"><strong>1. Que sont les cookies ?<\/strong><\/h4>\n\n<p>Les cookies sont de petits fichiers texte enregistr\u00e9s sur votre appareil lorsque vous visitez une page Web. Ils contribuent \u00e0 am\u00e9liorer le fonctionnement du site et \u00e0 offrir une exp\u00e9rience personnalis\u00e9e. <\/p>\n\n<h4 class=\"wp-block-heading\"><strong>2. Types de cookies que nous utilisons<\/strong><\/h4>\n\n<ul class=\"wp-block-list\">\n<li><strong>Cookies essentiels :<\/strong> N\u00e9cessaires au bon fonctionnement du site Internet.<\/li>\n\n\n\n<li><strong>Cookies d&rsquo;analyse :<\/strong> ils permettent aux utilisateurs de savoir comment le site Web est utilis\u00e9 et d&rsquo;am\u00e9liorer ses performances.<\/li>\n\n\n\n<li><strong>Cookies tiers :<\/strong> Ils peuvent \u00eatre utilis\u00e9s par des services externes, tels que des outils d&rsquo;analyse ou des r\u00e9seaux sociaux.<\/li>\n<\/ul>\n\n<h4 class=\"wp-block-heading\"><strong>3. Comment g\u00e9rer les cookies ?<\/strong><\/h4>\n\n<p>Vous pouvez configurer votre navigateur pour bloquer ou supprimer les cookies \u00e0 tout moment. Veuillez noter que cela pourrait affecter le bon fonctionnement du site Internet. <\/p>\n\n<p>Pour plus d&rsquo;informations ou pour toute question, vous pouvez nous contacter \u00e0 <strong><a>iw4y.vng2@gmail.com<\/a><\/strong> .<\/p>\n","protected":false},"excerpt":{"rendered":"<p>Politique de cookies Chez I Wash 4 You, nous utilisons des cookies pour am\u00e9liorer l&rsquo;exp\u00e9rience de navigation des utilisateurs. En acc\u00e9dant et en poursuivant votre navigation<span class=\"excerpt-hellip\"> [\u2026]<\/span><\/p>\n","protected":false},"author":1,"featured_media":0,"parent":0,"menu_order":0,"comment_status":"closed","ping_status":"closed","template":"","meta":{"footnotes":""},"class_list":["post-332","page","type-page","status-publish","hentry"],"yoast_head":"<!-- This site is optimized with the Yoast SEO plugin v26.9 - https:\/\/yoast.com\/product\/yoast-seo-wordpress\/ -->\n<title>POLITIQUE DE COOKIES - I wash 4 you<\/title>\n<meta name=\"robots\" content=\"index, follow, max-snippet:-1, max-image-preview:large, max-video-preview:-1\" \/>\n<link rel=\"canonical\" href=\"https:\/\/iwash4you.com\/fr\/politique-de-cookies\/\" \/>\n<meta property=\"og:locale\" content=\"fr_FR\" \/>\n<meta property=\"og:type\" content=\"article\" \/>\n<meta property=\"og:title\" content=\"POLITIQUE DE COOKIES - I wash 4 you\" \/>\n<meta property=\"og:description\" content=\"Politique de cookies Chez I Wash 4 You, nous utilisons des cookies pour am\u00e9liorer l&rsquo;exp\u00e9rience de navigation des utilisateurs. En acc\u00e9dant et en poursuivant votre navigation [\u2026]\" \/>\n<meta property=\"og:url\" content=\"https:\/\/iwash4you.com\/fr\/politique-de-cookies\/\" \/>\n<meta property=\"og:site_name\" content=\"I wash 4 you\" \/>\n<meta property=\"article:modified_time\" content=\"2025-03-21T13:23:22+00:00\" \/>\n<meta name=\"twitter:card\" content=\"summary_large_image\" \/>\n<meta name=\"twitter:label1\" content=\"Dur\u00e9e de lecture estim\u00e9e\" \/>\n\t<meta name=\"twitter:data1\" content=\"1 minute\" \/>\n<script type=\"application\/ld+json\" class=\"yoast-schema-graph\">{\"@context\":\"https:\/\/schema.org\",\"@graph\":[{\"@type\":\"WebPage\",\"@id\":\"https:\/\/iwash4you.com\/fr\/politique-de-cookies\/\",\"url\":\"https:\/\/iwash4you.com\/fr\/politique-de-cookies\/\",\"name\":\"POLITIQUE DE COOKIES - I wash 4 you\",\"isPartOf\":{\"@id\":\"https:\/\/iwash4you.com\/fr\/#website\"},\"datePublished\":\"2025-03-03T14:14:42+00:00\",\"dateModified\":\"2025-03-21T13:23:22+00:00\",\"breadcrumb\":{\"@id\":\"https:\/\/iwash4you.com\/fr\/politique-de-cookies\/#breadcrumb\"},\"inLanguage\":\"fr-FR\",\"potentialAction\":[{\"@type\":\"ReadAction\",\"target\":[\"https:\/\/iwash4you.com\/fr\/politique-de-cookies\/\"]}]},{\"@type\":\"BreadcrumbList\",\"@id\":\"https:\/\/iwash4you.com\/fr\/politique-de-cookies\/#breadcrumb\",\"itemListElement\":[{\"@type\":\"ListItem\",\"position\":1,\"name\":\"Portada\",\"item\":\"https:\/\/iwash4you.com\/fr\/i-wash-4-you\/\"},{\"@type\":\"ListItem\",\"position\":2,\"name\":\"POLITIQUE DE COOKIES\"}]},{\"@type\":\"WebSite\",\"@id\":\"https:\/\/iwash4you.com\/fr\/#website\",\"url\":\"https:\/\/iwash4you.com\/fr\/\",\"name\":\"I wash 4 you\",\"description\":\"I Wash 4 You Vilanova, tu lavander\u00eda de autoservicio r\u00e1pida, eficiente y con el mejor cuidado para tu ropa.\",\"potentialAction\":[{\"@type\":\"SearchAction\",\"target\":{\"@type\":\"EntryPoint\",\"urlTemplate\":\"https:\/\/iwash4you.com\/fr\/?s={search_term_string}\"},\"query-input\":{\"@type\":\"PropertyValueSpecification\",\"valueRequired\":true,\"valueName\":\"search_term_string\"}}],\"inLanguage\":\"fr-FR\"}]}<\/script>\n<!-- \/ Yoast SEO plugin. -->","yoast_head_json":{"title":"POLITIQUE DE COOKIES - I wash 4 you","robots":{"index":"index","follow":"follow","max-snippet":"max-snippet:-1","max-image-preview":"max-image-preview:large","max-video-preview":"max-video-preview:-1"},"canonical":"https:\/\/iwash4you.com\/fr\/politique-de-cookies\/","og_locale":"fr_FR","og_type":"article","og_title":"POLITIQUE DE COOKIES - I wash 4 you","og_description":"Politique de cookies Chez I Wash 4 You, nous utilisons des cookies pour am\u00e9liorer l&rsquo;exp\u00e9rience de navigation des utilisateurs. En acc\u00e9dant et en poursuivant votre navigation [\u2026]","og_url":"https:\/\/iwash4you.com\/fr\/politique-de-cookies\/","og_site_name":"I wash 4 you","article_modified_time":"2025-03-21T13:23:22+00:00","twitter_card":"summary_large_image","twitter_misc":{"Dur\u00e9e de lecture estim\u00e9e":"1 minute"},"schema":{"@context":"https:\/\/schema.org","@graph":[{"@type":"WebPage","@id":"https:\/\/iwash4you.com\/fr\/politique-de-cookies\/","url":"https:\/\/iwash4you.com\/fr\/politique-de-cookies\/","name":"POLITIQUE DE COOKIES - I wash 4 you","isPartOf":{"@id":"https:\/\/iwash4you.com\/fr\/#website"},"datePublished":"2025-03-03T14:14:42+00:00","dateModified":"2025-03-21T13:23:22+00:00","breadcrumb":{"@id":"https:\/\/iwash4you.com\/fr\/politique-de-cookies\/#breadcrumb"},"inLanguage":"fr-FR","potentialAction":[{"@type":"ReadAction","target":["https:\/\/iwash4you.com\/fr\/politique-de-cookies\/"]}]},{"@type":"BreadcrumbList","@id":"https:\/\/iwash4you.com\/fr\/politique-de-cookies\/#breadcrumb","itemListElement":[{"@type":"ListItem","position":1,"name":"Portada","item":"https:\/\/iwash4you.com\/fr\/i-wash-4-you\/"},{"@type":"ListItem","position":2,"name":"POLITIQUE DE COOKIES"}]},{"@type":"WebSite","@id":"https:\/\/iwash4you.com\/fr\/#website","url":"https:\/\/iwash4you.com\/fr\/","name":"I wash 4 you","description":"I Wash 4 You Vilanova, tu lavander\u00eda de autoservicio r\u00e1pida, eficiente y con el mejor cuidado para tu ropa.","potentialAction":[{"@type":"SearchAction","target":{"@type":"EntryPoint","urlTemplate":"https:\/\/iwash4you.com\/fr\/?s={search_term_string}"},"query-input":{"@type":"PropertyValueSpecification","valueRequired":true,"valueName":"search_term_string"}}],"inLanguage":"fr-FR"}]}},"_links":{"self":[{"href":"https:\/\/iwash4you.com\/fr\/wp-json\/wp\/v2\/pages\/332","targetHints":{"allow":["GET"]}}],"collection":[{"href":"https:\/\/iwash4you.com\/fr\/wp-json\/wp\/v2\/pages"}],"about":[{"href":"https:\/\/iwash4you.com\/fr\/wp-json\/wp\/v2\/types\/page"}],"author":[{"embeddable":true,"href":"https:\/\/iwash4you.com\/fr\/wp-json\/wp\/v2\/users\/1"}],"replies":[{"embeddable":true,"href":"https:\/\/iwash4you.com\/fr\/wp-json\/wp\/v2\/comments?post=332"}],"version-history":[{"count":1,"href":"https:\/\/iwash4you.com\/fr\/wp-json\/wp\/v2\/pages\/332\/revisions"}],"predecessor-version":[{"id":333,"href":"https:\/\/iwash4you.com\/fr\/wp-json\/wp\/v2\/pages\/332\/revisions\/333"}],"wp:attachment":[{"href":"https:\/\/iwash4you.com\/fr\/wp-json\/wp\/v2\/media?parent=332"}],"curies":[{"name":"wp","href":"https:\/\/api.w.org\/{rel}","templated":true}]}}