{"id":338,"date":"2025-03-03T14:14:28","date_gmt":"2025-03-03T14:14:28","guid":{"rendered":"https:\/\/iwash4you.com\/politique-de-confidentialite\/"},"modified":"2025-03-21T13:29:57","modified_gmt":"2025-03-21T13:29:57","slug":"politique-de-confidentialite","status":"publish","type":"page","link":"https:\/\/iwash4you.com\/fr\/politique-de-confidentialite\/","title":{"rendered":"POLITIQUE DE CONFIDENTIALIT\u00c9"},"content":{"rendered":"\n<h3 class=\"wp-block-heading\"><strong>politique de confidentialit\u00e9<\/strong><\/h3>\n\n<p>Conform\u00e9ment \u00e0 la r\u00e9glementation en vigueur sur la protection des donn\u00e9es, <strong>I Wash 4 You<\/strong>, propri\u00e9t\u00e9 d&rsquo;<strong>Oriol Toledano<\/strong>, informe les utilisateurs du traitement de leurs donn\u00e9es personnelles.<\/p>\n\n<h4 class=\"wp-block-heading\"><strong>1. Responsable du traitement<\/strong><\/h4>\n\n<ul class=\"wp-block-list\">\n<li><strong>Propri\u00e9taire :<\/strong> Oriol Toledano<\/li>\n\n\n\n<li><strong>Empresa:<\/strong> I Wash 4 You<\/li>\n\n\n\n<li><strong>Courriel de contact :<\/strong> <a>iw4y.vng2@gmail.com<\/a><\/li>\n<\/ul>\n\n<h4 class=\"wp-block-heading\"><strong>2. Donn\u00e9es collect\u00e9es et finalit\u00e9<\/strong><\/h4>\n\n<p>Les donn\u00e9es personnelles que nous pouvons collecter via ce site Web seront utilis\u00e9es uniquement pour :<\/p>\n\n<ul class=\"wp-block-list\">\n<li>R\u00e9pondre aux demandes et proposer nos services.<\/li>\n\n\n\n<li>G\u00e9rer les communications commerciales si l&rsquo;utilisateur a donn\u00e9 son consentement.<\/li>\n\n\n\n<li>Am\u00e9liorez l\u2019exp\u00e9rience utilisateur sur le Web.<\/li>\n<\/ul>\n\n<p>Nous ne partagerons pas vos donn\u00e9es avec des tiers, sauf obligation l\u00e9gale.<\/p>\n\n<h4 class=\"wp-block-heading\"><strong>3. Droits de l&rsquo;utilisateur<\/strong><\/h4>\n\n<p>Les utilisateurs peuvent exercer leurs droits d&rsquo;acc\u00e8s, de rectification, de suppression et d&rsquo;opposition en envoyant un email \u00e0 <strong><a>iw4y.vng2@gmail.com<\/a><\/strong> .<\/p>\n\n<h4 class=\"wp-block-heading\"><strong>4. Conservation des donn\u00e9es<\/strong><\/h4>\n\n<p>Les donn\u00e9es seront conserv\u00e9es pendant le temps n\u00e9cessaire \u00e0 la r\u00e9alisation des finalit\u00e9s \u00e9tablies ou conform\u00e9ment \u00e0 la l\u00e9gislation en vigueur.<\/p>\n\n<h4 class=\"wp-block-heading\"><strong>5. L\u00e9gislation applicable<\/strong><\/h4>\n\n<p>Cette politique de confidentialit\u00e9 est r\u00e9gie par la l\u00e9gislation en vigueur sur la protection des donn\u00e9es.<\/p>\n\n<p>Pour toute question ou demande, vous pouvez nous contacter \u00e0 <strong><a>iw4y.vng2@gmail.com<\/a><\/strong> .<\/p>\n\n<p><\/p>\n","protected":false},"excerpt":{"rendered":"<p>politique de confidentialit\u00e9 Conform\u00e9ment \u00e0 la r\u00e9glementation en vigueur sur la protection des donn\u00e9es, I Wash 4 You, propri\u00e9t\u00e9 d&rsquo;Oriol Toledano, informe les utilisateurs du traitement<span class=\"excerpt-hellip\"> [\u2026]<\/span><\/p>\n","protected":false},"author":1,"featured_media":0,"parent":0,"menu_order":0,"comment_status":"closed","ping_status":"closed","template":"","meta":{"footnotes":""},"class_list":["post-338","page","type-page","status-publish","hentry"],"yoast_head":"<!-- This site is optimized with the Yoast SEO plugin v26.9 - https:\/\/yoast.com\/product\/yoast-seo-wordpress\/ -->\n<title>POLITIQUE DE CONFIDENTIALIT\u00c9 - I wash 4 you<\/title>\n<meta name=\"robots\" content=\"index, follow, max-snippet:-1, max-image-preview:large, max-video-preview:-1\" \/>\n<link rel=\"canonical\" href=\"https:\/\/iwash4you.com\/fr\/politique-de-confidentialite\/\" \/>\n<meta property=\"og:locale\" content=\"fr_FR\" \/>\n<meta property=\"og:type\" content=\"article\" \/>\n<meta property=\"og:title\" content=\"POLITIQUE DE CONFIDENTIALIT\u00c9 - I wash 4 you\" \/>\n<meta property=\"og:description\" content=\"politique de confidentialit\u00e9 Conform\u00e9ment \u00e0 la r\u00e9glementation en vigueur sur la protection des donn\u00e9es, I Wash 4 You, propri\u00e9t\u00e9 d&rsquo;Oriol Toledano, informe les utilisateurs du traitement [\u2026]\" \/>\n<meta property=\"og:url\" content=\"https:\/\/iwash4you.com\/fr\/politique-de-confidentialite\/\" \/>\n<meta property=\"og:site_name\" content=\"I wash 4 you\" \/>\n<meta property=\"article:modified_time\" content=\"2025-03-21T13:29:57+00:00\" \/>\n<meta name=\"twitter:card\" content=\"summary_large_image\" \/>\n<meta name=\"twitter:label1\" content=\"Dur\u00e9e de lecture estim\u00e9e\" \/>\n\t<meta name=\"twitter:data1\" content=\"1 minute\" \/>\n<script type=\"application\/ld+json\" class=\"yoast-schema-graph\">{\"@context\":\"https:\/\/schema.org\",\"@graph\":[{\"@type\":\"WebPage\",\"@id\":\"https:\/\/iwash4you.com\/fr\/politique-de-confidentialite\/\",\"url\":\"https:\/\/iwash4you.com\/fr\/politique-de-confidentialite\/\",\"name\":\"POLITIQUE DE CONFIDENTIALIT\u00c9 - I wash 4 you\",\"isPartOf\":{\"@id\":\"https:\/\/iwash4you.com\/fr\/#website\"},\"datePublished\":\"2025-03-03T14:14:28+00:00\",\"dateModified\":\"2025-03-21T13:29:57+00:00\",\"breadcrumb\":{\"@id\":\"https:\/\/iwash4you.com\/fr\/politique-de-confidentialite\/#breadcrumb\"},\"inLanguage\":\"fr-FR\",\"potentialAction\":[{\"@type\":\"ReadAction\",\"target\":[\"https:\/\/iwash4you.com\/fr\/politique-de-confidentialite\/\"]}]},{\"@type\":\"BreadcrumbList\",\"@id\":\"https:\/\/iwash4you.com\/fr\/politique-de-confidentialite\/#breadcrumb\",\"itemListElement\":[{\"@type\":\"ListItem\",\"position\":1,\"name\":\"Portada\",\"item\":\"https:\/\/iwash4you.com\/fr\/i-wash-4-you\/\"},{\"@type\":\"ListItem\",\"position\":2,\"name\":\"POLITIQUE DE CONFIDENTIALIT\u00c9\"}]},{\"@type\":\"WebSite\",\"@id\":\"https:\/\/iwash4you.com\/fr\/#website\",\"url\":\"https:\/\/iwash4you.com\/fr\/\",\"name\":\"I wash 4 you\",\"description\":\"I Wash 4 You Vilanova, tu lavander\u00eda de autoservicio r\u00e1pida, eficiente y con el mejor cuidado para tu ropa.\",\"potentialAction\":[{\"@type\":\"SearchAction\",\"target\":{\"@type\":\"EntryPoint\",\"urlTemplate\":\"https:\/\/iwash4you.com\/fr\/?s={search_term_string}\"},\"query-input\":{\"@type\":\"PropertyValueSpecification\",\"valueRequired\":true,\"valueName\":\"search_term_string\"}}],\"inLanguage\":\"fr-FR\"}]}<\/script>\n<!-- \/ Yoast SEO plugin. -->","yoast_head_json":{"title":"POLITIQUE DE CONFIDENTIALIT\u00c9 - I wash 4 you","robots":{"index":"index","follow":"follow","max-snippet":"max-snippet:-1","max-image-preview":"max-image-preview:large","max-video-preview":"max-video-preview:-1"},"canonical":"https:\/\/iwash4you.com\/fr\/politique-de-confidentialite\/","og_locale":"fr_FR","og_type":"article","og_title":"POLITIQUE DE CONFIDENTIALIT\u00c9 - I wash 4 you","og_description":"politique de confidentialit\u00e9 Conform\u00e9ment \u00e0 la r\u00e9glementation en vigueur sur la protection des donn\u00e9es, I Wash 4 You, propri\u00e9t\u00e9 d&rsquo;Oriol Toledano, informe les utilisateurs du traitement [\u2026]","og_url":"https:\/\/iwash4you.com\/fr\/politique-de-confidentialite\/","og_site_name":"I wash 4 you","article_modified_time":"2025-03-21T13:29:57+00:00","twitter_card":"summary_large_image","twitter_misc":{"Dur\u00e9e de lecture estim\u00e9e":"1 minute"},"schema":{"@context":"https:\/\/schema.org","@graph":[{"@type":"WebPage","@id":"https:\/\/iwash4you.com\/fr\/politique-de-confidentialite\/","url":"https:\/\/iwash4you.com\/fr\/politique-de-confidentialite\/","name":"POLITIQUE DE CONFIDENTIALIT\u00c9 - I wash 4 you","isPartOf":{"@id":"https:\/\/iwash4you.com\/fr\/#website"},"datePublished":"2025-03-03T14:14:28+00:00","dateModified":"2025-03-21T13:29:57+00:00","breadcrumb":{"@id":"https:\/\/iwash4you.com\/fr\/politique-de-confidentialite\/#breadcrumb"},"inLanguage":"fr-FR","potentialAction":[{"@type":"ReadAction","target":["https:\/\/iwash4you.com\/fr\/politique-de-confidentialite\/"]}]},{"@type":"BreadcrumbList","@id":"https:\/\/iwash4you.com\/fr\/politique-de-confidentialite\/#breadcrumb","itemListElement":[{"@type":"ListItem","position":1,"name":"Portada","item":"https:\/\/iwash4you.com\/fr\/i-wash-4-you\/"},{"@type":"ListItem","position":2,"name":"POLITIQUE DE CONFIDENTIALIT\u00c9"}]},{"@type":"WebSite","@id":"https:\/\/iwash4you.com\/fr\/#website","url":"https:\/\/iwash4you.com\/fr\/","name":"I wash 4 you","description":"I Wash 4 You Vilanova, tu lavander\u00eda de autoservicio r\u00e1pida, eficiente y con el mejor cuidado para tu ropa.","potentialAction":[{"@type":"SearchAction","target":{"@type":"EntryPoint","urlTemplate":"https:\/\/iwash4you.com\/fr\/?s={search_term_string}"},"query-input":{"@type":"PropertyValueSpecification","valueRequired":true,"valueName":"search_term_string"}}],"inLanguage":"fr-FR"}]}},"_links":{"self":[{"href":"https:\/\/iwash4you.com\/fr\/wp-json\/wp\/v2\/pages\/338","targetHints":{"allow":["GET"]}}],"collection":[{"href":"https:\/\/iwash4you.com\/fr\/wp-json\/wp\/v2\/pages"}],"about":[{"href":"https:\/\/iwash4you.com\/fr\/wp-json\/wp\/v2\/types\/page"}],"author":[{"embeddable":true,"href":"https:\/\/iwash4you.com\/fr\/wp-json\/wp\/v2\/users\/1"}],"replies":[{"embeddable":true,"href":"https:\/\/iwash4you.com\/fr\/wp-json\/wp\/v2\/comments?post=338"}],"version-history":[{"count":1,"href":"https:\/\/iwash4you.com\/fr\/wp-json\/wp\/v2\/pages\/338\/revisions"}],"predecessor-version":[{"id":339,"href":"https:\/\/iwash4you.com\/fr\/wp-json\/wp\/v2\/pages\/338\/revisions\/339"}],"wp:attachment":[{"href":"https:\/\/iwash4you.com\/fr\/wp-json\/wp\/v2\/media?parent=338"}],"curies":[{"name":"wp","href":"https:\/\/api.w.org\/{rel}","templated":true}]}}